{"id":7387,"date":"2026-04-27T15:11:53","date_gmt":"2026-04-27T16:11:53","guid":{"rendered":"https:\/\/cvsm.pt\/redes-sociais\/"},"modified":"2026-04-27T15:21:42","modified_gmt":"2026-04-27T16:21:42","slug":"redes-sociais","status":"publish","type":"page","link":"https:\/\/cvsm.pt\/en\/redes-sociais\/","title":{"rendered":"Social Media"},"content":{"rendered":"\t\t<div id=\"instagram-gallery-feed-1\" class=\"instagram-gallery-feed\" data-feed=\"{&quot;id&quot;:1,&quot;account_id&quot;:&quot;27154269237513661&quot;,&quot;source&quot;:&quot;username&quot;,&quot;tag&quot;:&quot;wordpress&quot;,&quot;order_by&quot;:&quot;top_media&quot;,&quot;layout&quot;:&quot;gallery&quot;,&quot;limit&quot;:20,&quot;columns&quot;:3,&quot;spacing&quot;:10,&quot;lazy&quot;:false,&quot;responsive&quot;:{&quot;desktop&quot;:{&quot;columns&quot;:4,&quot;spacing&quot;:10},&quot;tablet&quot;:{&quot;columns&quot;:2,&quot;spacing&quot;:8},&quot;mobile&quot;:{&quot;columns&quot;:1,&quot;spacing&quot;:6},&quot;breakpoints&quot;:{&quot;tablet&quot;:768,&quot;mobile&quot;:480}},&quot;aspect_ratio&quot;:{&quot;width&quot;:1,&quot;height&quot;:1},&quot;highlight&quot;:{&quot;tag&quot;:&quot;&quot;,&quot;id&quot;:&quot;&quot;,&quot;position&quot;:&quot;1,3,5&quot;},&quot;reel&quot;:{&quot;hide&quot;:false},&quot;copyright&quot;:{&quot;hide&quot;:false,&quot;placeholder&quot;:&quot;&quot;},&quot;profile&quot;:{&quot;display&quot;:false,&quot;username&quot;:&quot;&quot;,&quot;nickname&quot;:&quot;&quot;,&quot;website&quot;:&quot;&quot;,&quot;biography&quot;:&quot;&quot;,&quot;link_text&quot;:&quot;Follow&quot;,&quot;website_text&quot;:&quot;Website&quot;,&quot;avatar&quot;:&quot;&quot;},&quot;box&quot;:{&quot;display&quot;:false,&quot;padding&quot;:1,&quot;radius&quot;:0,&quot;background&quot;:&quot;#fefefe&quot;,&quot;profile&quot;:false,&quot;desc&quot;:&quot;&quot;,&quot;text_color&quot;:&quot;#000000&quot;},&quot;mask&quot;:{&quot;display&quot;:true,&quot;background&quot;:&quot;#000000&quot;,&quot;icon_color&quot;:&quot;#ffffff&quot;,&quot;likes_count&quot;:true,&quot;comments_count&quot;:true},&quot;card&quot;:{&quot;display&quot;:false,&quot;radius&quot;:1,&quot;font_size&quot;:12,&quot;background&quot;:&quot;#ffffff&quot;,&quot;background_hover&quot;:&quot;&quot;,&quot;text_color&quot;:&quot;#000000&quot;,&quot;padding&quot;:5,&quot;likes_count&quot;:false,&quot;text_length&quot;:10,&quot;comments_count&quot;:false,&quot;text_align&quot;:&quot;left&quot;},&quot;carousel&quot;:{&quot;centered_slides&quot;:false,&quot;autoplay&quot;:false,&quot;autoplay_interval&quot;:3000,&quot;navarrows&quot;:true,&quot;navarrows_color&quot;:&quot;&quot;,&quot;pagination&quot;:true,&quot;pagination_color&quot;:&quot;&quot;},&quot;modal&quot;:{&quot;display&quot;:true,&quot;profile&quot;:true,&quot;media_description&quot;:true,&quot;likes_count&quot;:true,&quot;comments_count&quot;:true,&quot;comments_list&quot;:false,&quot;text_align&quot;:&quot;left&quot;,&quot;modal_align&quot;:&quot;right&quot;,&quot;text_length&quot;:10000,&quot;font_size&quot;:12},&quot;button&quot;:{&quot;display&quot;:true,&quot;text&quot;:&quot;See more on Instagram&quot;,&quot;text_color&quot;:&quot;#ffff&quot;,&quot;background&quot;:&quot;&quot;,&quot;background_hover&quot;:&quot;&quot;},&quot;button_load&quot;:{&quot;display&quot;:false,&quot;text&quot;:&quot;Load more...&quot;,&quot;text_color&quot;:&quot;#ffff&quot;,&quot;background&quot;:&quot;&quot;,&quot;background_hover&quot;:&quot;&quot;}}\">\n\t\t<!-- <FeedContainer\/> -->\n\t\t<\/div>\n\t\t\n","protected":false},"excerpt":{"rendered":"","protected":false},"author":1,"featured_media":0,"parent":0,"menu_order":0,"comment_status":"closed","ping_status":"closed","template":"","meta":{"footnotes":""},"class_list":["post-7387","page","type-page","status-publish","hentry"],"yoast_head":"<!-- This site is optimized with the Yoast SEO plugin v27.3 - https:\/\/yoast.com\/product\/yoast-seo-wordpress\/ -->\n<title>Social Media - Cl\u00ednica Veterin\u00e1ria S\u00e3o Miguel<\/title>\n<meta name=\"robots\" content=\"index, follow, max-snippet:-1, max-image-preview:large, max-video-preview:-1\" \/>\n<link rel=\"canonical\" href=\"https:\/\/cvsm.pt\/en\/redes-sociais\/\" \/>\n<meta property=\"og:locale\" content=\"en_US\" \/>\n<meta property=\"og:type\" content=\"article\" \/>\n<meta property=\"og:title\" content=\"Social Media - Cl\u00ednica Veterin\u00e1ria S\u00e3o Miguel\" \/>\n<meta property=\"og:url\" content=\"https:\/\/cvsm.pt\/en\/redes-sociais\/\" \/>\n<meta property=\"og:site_name\" content=\"Cl\u00ednica Veterin\u00e1ria S\u00e3o Miguel\" \/>\n<meta property=\"article:modified_time\" content=\"2026-04-27T16:21:42+00:00\" \/>\n<meta name=\"twitter:card\" content=\"summary_large_image\" \/>\n<meta name=\"twitter:label1\" content=\"Est. reading time\" \/>\n\t<meta name=\"twitter:data1\" content=\"1 minute\" \/>\n<script type=\"application\/ld+json\" class=\"yoast-schema-graph\">{\"@context\":\"https:\\\/\\\/schema.org\",\"@graph\":[{\"@type\":\"WebPage\",\"@id\":\"https:\\\/\\\/cvsm.pt\\\/en\\\/redes-sociais\\\/\",\"url\":\"https:\\\/\\\/cvsm.pt\\\/en\\\/redes-sociais\\\/\",\"name\":\"Social Media - Cl\u00ednica Veterin\u00e1ria S\u00e3o Miguel\",\"isPartOf\":{\"@id\":\"https:\\\/\\\/cvsm.pt\\\/en\\\/#website\"},\"datePublished\":\"2026-04-27T16:11:53+00:00\",\"dateModified\":\"2026-04-27T16:21:42+00:00\",\"breadcrumb\":{\"@id\":\"https:\\\/\\\/cvsm.pt\\\/en\\\/redes-sociais\\\/#breadcrumb\"},\"inLanguage\":\"en-US\",\"potentialAction\":[{\"@type\":\"ReadAction\",\"target\":[\"https:\\\/\\\/cvsm.pt\\\/en\\\/redes-sociais\\\/\"]}]},{\"@type\":\"BreadcrumbList\",\"@id\":\"https:\\\/\\\/cvsm.pt\\\/en\\\/redes-sociais\\\/#breadcrumb\",\"itemListElement\":[{\"@type\":\"ListItem\",\"position\":1,\"name\":\"In\u00edcio\",\"item\":\"https:\\\/\\\/cvsm.pt\\\/en\\\/\"},{\"@type\":\"ListItem\",\"position\":2,\"name\":\"Social Media\"}]},{\"@type\":\"WebSite\",\"@id\":\"https:\\\/\\\/cvsm.pt\\\/en\\\/#website\",\"url\":\"https:\\\/\\\/cvsm.pt\\\/en\\\/\",\"name\":\"Cl\u00ednica Veterin\u00e1ria S\u00e3o Miguel\",\"description\":\"\",\"publisher\":{\"@id\":\"https:\\\/\\\/cvsm.pt\\\/en\\\/#organization\"},\"potentialAction\":[{\"@type\":\"SearchAction\",\"target\":{\"@type\":\"EntryPoint\",\"urlTemplate\":\"https:\\\/\\\/cvsm.pt\\\/en\\\/?s={search_term_string}\"},\"query-input\":{\"@type\":\"PropertyValueSpecification\",\"valueRequired\":true,\"valueName\":\"search_term_string\"}}],\"inLanguage\":\"en-US\"},{\"@type\":\"Organization\",\"@id\":\"https:\\\/\\\/cvsm.pt\\\/en\\\/#organization\",\"name\":\"Cl\u00ednica Veterin\u00e1ria S\u00e3o Miguel\",\"url\":\"https:\\\/\\\/cvsm.pt\\\/en\\\/\",\"logo\":{\"@type\":\"ImageObject\",\"inLanguage\":\"en-US\",\"@id\":\"https:\\\/\\\/cvsm.pt\\\/en\\\/#\\\/schema\\\/logo\\\/image\\\/\",\"url\":\"https:\\\/\\\/cvsm.pt\\\/wp-content\\\/uploads\\\/2024\\\/10\\\/logo-cvsm.png\",\"contentUrl\":\"https:\\\/\\\/cvsm.pt\\\/wp-content\\\/uploads\\\/2024\\\/10\\\/logo-cvsm.png\",\"width\":556,\"height\":272,\"caption\":\"Cl\u00ednica Veterin\u00e1ria S\u00e3o Miguel\"},\"image\":{\"@id\":\"https:\\\/\\\/cvsm.pt\\\/en\\\/#\\\/schema\\\/logo\\\/image\\\/\"}}]}<\/script>\n<!-- \/ Yoast SEO plugin. -->","yoast_head_json":{"title":"Social Media - Cl\u00ednica Veterin\u00e1ria S\u00e3o Miguel","robots":{"index":"index","follow":"follow","max-snippet":"max-snippet:-1","max-image-preview":"max-image-preview:large","max-video-preview":"max-video-preview:-1"},"canonical":"https:\/\/cvsm.pt\/en\/redes-sociais\/","og_locale":"en_US","og_type":"article","og_title":"Social Media - Cl\u00ednica Veterin\u00e1ria S\u00e3o Miguel","og_url":"https:\/\/cvsm.pt\/en\/redes-sociais\/","og_site_name":"Cl\u00ednica Veterin\u00e1ria S\u00e3o Miguel","article_modified_time":"2026-04-27T16:21:42+00:00","twitter_card":"summary_large_image","twitter_misc":{"Est. reading time":"1 minute"},"schema":{"@context":"https:\/\/schema.org","@graph":[{"@type":"WebPage","@id":"https:\/\/cvsm.pt\/en\/redes-sociais\/","url":"https:\/\/cvsm.pt\/en\/redes-sociais\/","name":"Social Media - Cl\u00ednica Veterin\u00e1ria S\u00e3o Miguel","isPartOf":{"@id":"https:\/\/cvsm.pt\/en\/#website"},"datePublished":"2026-04-27T16:11:53+00:00","dateModified":"2026-04-27T16:21:42+00:00","breadcrumb":{"@id":"https:\/\/cvsm.pt\/en\/redes-sociais\/#breadcrumb"},"inLanguage":"en-US","potentialAction":[{"@type":"ReadAction","target":["https:\/\/cvsm.pt\/en\/redes-sociais\/"]}]},{"@type":"BreadcrumbList","@id":"https:\/\/cvsm.pt\/en\/redes-sociais\/#breadcrumb","itemListElement":[{"@type":"ListItem","position":1,"name":"In\u00edcio","item":"https:\/\/cvsm.pt\/en\/"},{"@type":"ListItem","position":2,"name":"Social Media"}]},{"@type":"WebSite","@id":"https:\/\/cvsm.pt\/en\/#website","url":"https:\/\/cvsm.pt\/en\/","name":"Cl\u00ednica Veterin\u00e1ria S\u00e3o Miguel","description":"","publisher":{"@id":"https:\/\/cvsm.pt\/en\/#organization"},"potentialAction":[{"@type":"SearchAction","target":{"@type":"EntryPoint","urlTemplate":"https:\/\/cvsm.pt\/en\/?s={search_term_string}"},"query-input":{"@type":"PropertyValueSpecification","valueRequired":true,"valueName":"search_term_string"}}],"inLanguage":"en-US"},{"@type":"Organization","@id":"https:\/\/cvsm.pt\/en\/#organization","name":"Cl\u00ednica Veterin\u00e1ria S\u00e3o Miguel","url":"https:\/\/cvsm.pt\/en\/","logo":{"@type":"ImageObject","inLanguage":"en-US","@id":"https:\/\/cvsm.pt\/en\/#\/schema\/logo\/image\/","url":"https:\/\/cvsm.pt\/wp-content\/uploads\/2024\/10\/logo-cvsm.png","contentUrl":"https:\/\/cvsm.pt\/wp-content\/uploads\/2024\/10\/logo-cvsm.png","width":556,"height":272,"caption":"Cl\u00ednica Veterin\u00e1ria S\u00e3o Miguel"},"image":{"@id":"https:\/\/cvsm.pt\/en\/#\/schema\/logo\/image\/"}}]}},"_links":{"self":[{"href":"https:\/\/cvsm.pt\/en\/wp-json\/wp\/v2\/pages\/7387","targetHints":{"allow":["GET"]}}],"collection":[{"href":"https:\/\/cvsm.pt\/en\/wp-json\/wp\/v2\/pages"}],"about":[{"href":"https:\/\/cvsm.pt\/en\/wp-json\/wp\/v2\/types\/page"}],"author":[{"embeddable":true,"href":"https:\/\/cvsm.pt\/en\/wp-json\/wp\/v2\/users\/1"}],"replies":[{"embeddable":true,"href":"https:\/\/cvsm.pt\/en\/wp-json\/wp\/v2\/comments?post=7387"}],"version-history":[{"count":2,"href":"https:\/\/cvsm.pt\/en\/wp-json\/wp\/v2\/pages\/7387\/revisions"}],"predecessor-version":[{"id":7389,"href":"https:\/\/cvsm.pt\/en\/wp-json\/wp\/v2\/pages\/7387\/revisions\/7389"}],"wp:attachment":[{"href":"https:\/\/cvsm.pt\/en\/wp-json\/wp\/v2\/media?parent=7387"}],"curies":[{"name":"wp","href":"https:\/\/api.w.org\/{rel}","templated":true}]}}